
{"id":2110,"date":"2018-01-30T10:05:04","date_gmt":"2018-01-30T13:05:04","guid":{"rendered":"http:\/\/pongolini.com\/web\/es\/?page_id=2110"},"modified":"2025-10-14T16:32:22","modified_gmt":"2025-10-14T19:32:22","slug":"competicion","status":"publish","type":"page","link":"https:\/\/pongolini.com\/pt\/competicion\/","title":{"rendered":"Concorr\u00eancia"},"content":{"rendered":"<div class=\"wpb-content-wrapper\"><div class=\"vc_row wpb_row vc_row-fluid\"><div class=\"wpb_column vc_column_container vc_col-sm-12\"><div class=\"vc_column-inner\"><div class=\"wpb_wrapper\"><div id=\"cms-heading\" class=\"cms-heading-wrapper cms-heading-layout1\">\r\n    <div class=\"cms-heading-inner\">\r\n        <div class=\"cms-heading-content\">\r\n            <h3 class=\"title  ft-df\" style=\"font-size:35px;color:#222222;margin:;line-height:;\">\r\n                GUIAS DE CONCORR\u00caNCIA PARA MOTORES DE ALTO DESEMPENHO            <\/h3>\r\n            <div class=\"h-line\"><\/div>\r\n        <\/div>\r\n    <\/div>\r\n<\/div><div class=\"vc_empty_space\"   style=\"height: 32px\"><span class=\"vc_empty_space_inner\"><\/span><\/div>\n\t<div class=\"wpb_text_column wpb_content_element\" >\n\t\t<div class=\"wpb_wrapper\">\n\t\t\t<p>Gu\u00edas especiales&nbsp; fabricadas bajo plano o muestras de reparadores o preparadores de motores para distintas series categor\u00edas de Argentina&nbsp; y especialmente motores high performance de Estados Unidos.<\/p>\n<p>Fabricado com materiais especialmente concebidos para estes requisitos: alta dissipa\u00e7\u00e3o de calor. Folga m\u00ednima entre a v\u00e1lvula e as guias das v\u00e1lvulas.<\/p>\n<p>Eles se aplicam a motores de todas as categorias de autom\u00f3veis, motocicletas e caminh\u00f5es. Isso tamb\u00e9m se aplica a motores mar\u00edtimos de alta competi\u00e7\u00e3o.<\/p>\n\n\t\t<\/div>\n\t<\/div>\n<div class=\"vc_empty_space\"   style=\"height: 32px\"><span class=\"vc_empty_space_inner\"><\/span><\/div><\/div><\/div><\/div><\/div><div class=\"wpb_column vc_column_container vc_col-sm-12\"><div class=\"vc_column-inner\"><div class=\"wpb_wrapper\"><\/div><\/div><\/div><div class=\"vc_row wpb_row vc_row-fluid\"><div class=\"wpb_column vc_column_container vc_col-sm-12\"><div class=\"vc_column-inner\"><div class=\"wpb_wrapper\">\n\t<div  class=\"wpb_single_image wpb_content_element vc_align_left wpb_content_element\">\n\t\t\n\t\t<figure class=\"wpb_wrapper vc_figure\">\n\t\t\t<a href=\"https:\/\/pongolini.com\/catalogo\/CATALOGO300-INDYCOMPETICION2021OK.pdf\" target=\"_blank\" class=\"vc_single_image-wrapper   vc_box_border_grey\"><img loading=\"lazy\" decoding=\"async\" width=\"2000\" height=\"1237\" src=\"https:\/\/pongolini.com\/wp-content\/uploads\/2021\/08\/mercado-norteamericano-portugues.png\" class=\"vc_single_image-img attachment-full\" alt=\"\" title=\"Close-up american flag, USA flag background with copy space. Top view, Dark tone\" srcset=\"https:\/\/pongolini.com\/wp-content\/uploads\/2021\/08\/mercado-norteamericano-portugues.png 2000w, https:\/\/pongolini.com\/wp-content\/uploads\/2021\/08\/mercado-norteamericano-portugues-300x186.png 300w, https:\/\/pongolini.com\/wp-content\/uploads\/2021\/08\/mercado-norteamericano-portugues-768x475.png 768w, https:\/\/pongolini.com\/wp-content\/uploads\/2021\/08\/mercado-norteamericano-portugues-1024x633.png 1024w, https:\/\/pongolini.com\/wp-content\/uploads\/2021\/08\/mercado-norteamericano-portugues-624x386.png 624w, https:\/\/pongolini.com\/wp-content\/uploads\/2021\/08\/mercado-norteamericano-portugues-600x371.png 600w\" sizes=\"auto, (max-width: 2000px) 100vw, 2000px\" \/><\/a>\n\t\t<\/figure>\n\t<\/div>\n<\/div><\/div><\/div><\/div><div class=\"vc_row wpb_row vc_row-fluid\"><div class=\"wpb_column vc_column_container vc_col-sm-12\"><div class=\"vc_column-inner\"><div class=\"wpb_wrapper\">\n\t<div class=\"wpb_text_column wpb_content_element\" >\n\t\t<div class=\"wpb_wrapper\">\n\t\t\t<p>\n<script><\/script><\/p>\n\n\t\t<\/div>\n\t<\/div>\n<\/div><\/div><\/div><\/div>\n<\/div>","protected":false},"excerpt":{"rendered":"GU\u00cdAS DE COMPETICI\u00d3N PARA MOTORES HIGH PERFORMANCE Gu\u00edas especiales&nbsp; fabricadas bajo plano o muestras de reparadores o preparadores de motores para distintas series categor\u00edas de Argentina&nbsp; y especialmente motores high performance de Estados Unidos. Fabricados con materiales especialmente dise\u00f1ados para \u00e9stas exigencias: alta disipaci\u00f3n del calor. M\u00ednima luz entre v\u00e1lvula y gu\u00edas de v\u00e1lvulas. Se [...]","protected":false},"author":1,"featured_media":0,"parent":0,"menu_order":0,"comment_status":"closed","ping_status":"closed","template":"","meta":{"_exactmetrics_skip_tracking":false,"_exactmetrics_sitenote_active":false,"_exactmetrics_sitenote_note":"","_exactmetrics_sitenote_category":0,"footnotes":""},"class_list":["post-2110","page","type-page","status-publish","hentry"],"_links":{"self":[{"href":"https:\/\/pongolini.com\/pt\/wp-json\/wp\/v2\/pages\/2110","targetHints":{"allow":["GET"]}}],"collection":[{"href":"https:\/\/pongolini.com\/pt\/wp-json\/wp\/v2\/pages"}],"about":[{"href":"https:\/\/pongolini.com\/pt\/wp-json\/wp\/v2\/types\/page"}],"author":[{"embeddable":true,"href":"https:\/\/pongolini.com\/pt\/wp-json\/wp\/v2\/users\/1"}],"replies":[{"embeddable":true,"href":"https:\/\/pongolini.com\/pt\/wp-json\/wp\/v2\/comments?post=2110"}],"version-history":[{"count":19,"href":"https:\/\/pongolini.com\/pt\/wp-json\/wp\/v2\/pages\/2110\/revisions"}],"predecessor-version":[{"id":3668,"href":"https:\/\/pongolini.com\/pt\/wp-json\/wp\/v2\/pages\/2110\/revisions\/3668"}],"wp:attachment":[{"href":"https:\/\/pongolini.com\/pt\/wp-json\/wp\/v2\/media?parent=2110"}],"curies":[{"name":"wp","href":"https:\/\/api.w.org\/{rel}","templated":true}]}}