
{"id":2132,"date":"2018-02-02T08:58:55","date_gmt":"2018-02-02T11:58:55","guid":{"rendered":"http:\/\/pongolini.com\/web\/es\/?page_id=2132"},"modified":"2024-01-12T16:37:12","modified_gmt":"2024-01-12T19:37:12","slug":"de-bronce","status":"publish","type":"page","link":"https:\/\/pongolini.com\/en\/de-bronce\/","title":{"rendered":"Made of Bronze"},"content":{"rendered":"<div class=\"wpb-content-wrapper\"><div class=\"vc_row wpb_row vc_row-fluid\"><div class=\"wpb_column vc_column_container vc_col-sm-12\"><div class=\"vc_column-inner\"><div class=\"wpb_wrapper\"><div id=\"cms-heading\" class=\"cms-heading-wrapper cms-heading-layout1\">\r\n    <div class=\"cms-heading-inner\">\r\n        <div class=\"cms-heading-content\">\r\n            <h3 class=\"title  ft-df\" style=\"font-size:35px;color:#222222;margin:;line-height:;\">\r\n                GU\u00cdAS DE V\u00c1LVULAS: BRONCE\/LAT\u00d3N AL MANGANESO            <\/h3>\r\n            <div class=\"h-line\"><\/div>\r\n        <\/div>\r\n    <\/div>\r\n<\/div><div class=\"vc_empty_space\"   style=\"height: 39px\"><span class=\"vc_empty_space_inner\"><\/span><\/div>\n\t<div class=\"wpb_text_column wpb_content_element\" >\n\t\t<div class=\"wpb_wrapper\">\n\t\t\t<p>El <strong>LAT\u00d3N al MANGANESO<\/strong> y el <strong>BRONCE al MANGANESO<\/strong> se utiliza para gu\u00edas de v\u00e1lvulas de reposici\u00f3n o motores de competici\u00f3n por su condici\u00f3n especial de conductividad del calor y resistencia al desgaste por fricci\u00f3n.<\/p>\n<p>Se proveen en super-medidas 0.03-0.05-0.10-0.15-0.20-0.25-0.50 y 1.00 mil\u00edmetros con stock permanente y entrega inmediata.<\/p>\n\n\t\t<\/div>\n\t<\/div>\n<\/div><\/div><\/div><\/div><div class=\"vc_row wpb_row vc_row-fluid\"><div class=\"wpb_column vc_column_container vc_col-sm-6\"><div class=\"vc_column-inner\"><div class=\"wpb_wrapper\"><div class=\"vc_empty_space\"   style=\"height: 39px\"><span class=\"vc_empty_space_inner\"><\/span><\/div><div class=\"vc_row wpb_row vc_inner vc_row-fluid\"><div class=\"wpb_column vc_column_container vc_col-sm-12\"><div class=\"vc_column-inner\"><div class=\"wpb_wrapper\">\n\t<div  class=\"wpb_single_image wpb_content_element vc_align_left wpb_content_element wpb_animate_when_almost_visible wpb_bounceInLeft bounceInLeft\">\n\t\t\n\t\t<figure class=\"wpb_wrapper vc_figure\">\n\t\t\t<a class=\"\" data-lightbox=\"lightbox[rel-2132-2516432734]\" href=\"https:\/\/pongolini.com\/wp-content\/uploads\/2023\/12\/Guias-bronce-1024x667.jpg\" target=\"_self\" class=\"vc_single_image-wrapper vc_box_shadow_3d  vc_box_border_grey\"><img loading=\"lazy\" decoding=\"async\" width=\"1772\" height=\"1154\" src=\"https:\/\/pongolini.com\/wp-content\/uploads\/2023\/12\/Guias-bronce.jpg\" class=\"vc_single_image-img attachment-full\" alt=\"\" title=\"Gu\u00edas bronce\" srcset=\"https:\/\/pongolini.com\/wp-content\/uploads\/2023\/12\/Guias-bronce.jpg 1772w, https:\/\/pongolini.com\/wp-content\/uploads\/2023\/12\/Guias-bronce-300x195.jpg 300w, https:\/\/pongolini.com\/wp-content\/uploads\/2023\/12\/Guias-bronce-1024x667.jpg 1024w, https:\/\/pongolini.com\/wp-content\/uploads\/2023\/12\/Guias-bronce-768x500.jpg 768w, https:\/\/pongolini.com\/wp-content\/uploads\/2023\/12\/Guias-bronce-1536x1000.jpg 1536w, https:\/\/pongolini.com\/wp-content\/uploads\/2023\/12\/Guias-bronce-624x406.jpg 624w\" sizes=\"auto, (max-width: 1772px) 100vw, 1772px\" \/><\/a>\n\t\t<\/figure>\n\t<\/div>\n<\/div><\/div><\/div><\/div><\/div><\/div><\/div><div class=\"wpb_column vc_column_container vc_col-sm-6\"><div class=\"vc_column-inner\"><div class=\"wpb_wrapper\"><div class=\"vc_empty_space\"   style=\"height: 39px\"><span class=\"vc_empty_space_inner\"><\/span><\/div><div class=\"vc_row wpb_row vc_inner vc_row-fluid\"><div class=\"wpb_column vc_column_container vc_col-sm-12\"><div class=\"vc_column-inner\"><div class=\"wpb_wrapper\"><div id=\"cms-heading-2\" class=\"cms-heading-wrapper cms-heading-layout1\">\r\n    <div class=\"cms-heading-inner\">\r\n        <div class=\"cms-heading-content\">\r\n            <h3 class=\"title  ft-df\" style=\"font-size:25px;color:#222222;margin:;line-height:;\">\r\n                CALIDAD            <\/h3>\r\n            <div class=\"h-line\"><\/div>\r\n        <\/div>\r\n    <\/div>\r\n<\/div>\n\t<div class=\"wpb_text_column wpb_content_element\" >\n\t\t<div class=\"wpb_wrapper\">\n\t\t\t<p>El control de calidad de los productos es una constante en nuestra empresa.<\/p>\n<p>Cada uno de los productos 300 INDY est\u00e1 fabricado para funcionar de acuerdo a las necesidades de los cada vez m\u00e1s exigentes motores modernos.<\/p>\n<p>El Personal t\u00e9cnico est\u00e1 capacitado para la mejora continua de la calidad.<\/p>\n<p>La capacitaci\u00f3n de los operarios tiene por objetivo el autocontrol de sus operaciones. La incorporaci\u00f3n de tecnolog\u00eda de ultima generaci\u00f3n en m\u00e1quinas CNC digitales mejoran la relaci\u00f3n costo-producto y elevan la calidad de las autopartes 300-INDY.<\/p>\n<p>300-INDY cuenta con modernas instalaciones ubicadas en Rafaela, provincia de Santa Fe, Argentina.<\/p>\n\n\t\t<\/div>\n\t<\/div>\n<\/div><\/div><\/div><\/div><\/div><\/div><\/div><\/div><div class=\"vc_row wpb_row vc_row-fluid\"><div class=\"wpb_column vc_column_container vc_col-sm-12\"><div class=\"vc_column-inner\"><div class=\"wpb_wrapper\"><div class=\"vc_empty_space\"   style=\"height: 39px\"><span class=\"vc_empty_space_inner\"><\/span><\/div><div id=\"cms-heading-3\" class=\"cms-heading-wrapper cms-heading-layout1\">\r\n    <div class=\"cms-heading-inner\">\r\n        <div class=\"cms-heading-content\">\r\n            <h3 class=\"title  ft-df\" style=\"font-size:25px;color:#222222;margin:;line-height:;\">\r\n                CARACTER\u00cdSTICAS CONSTRUCTIVAS            <\/h3>\r\n            <div class=\"h-line\"><\/div>\r\n        <\/div>\r\n    <\/div>\r\n<\/div><div class=\"vc_empty_space\"   style=\"height: 39px\"><span class=\"vc_empty_space_inner\"><\/span><\/div>\n\t<div class=\"wpb_text_column wpb_content_element\" >\n\t\t<div class=\"wpb_wrapper\">\n\t\t\t<p>Para facilitar la identificaci\u00f3n en los casos de dudas, esquematizamos la forma de la gu\u00eda, dando por s\u00edmbolo una letra (A, B, C, etc.)<\/p>\n<p>Lo procedente es orientativo a la forma de la gu\u00eda. Las caracter\u00edsticas particulares son se\u00f1aladas con cifras que van de 1 a 8.<\/p>\n\n\t\t<\/div>\n\t<\/div>\n<div class=\"vc_empty_space\"   style=\"height: 39px\"><span class=\"vc_empty_space_inner\"><\/span><\/div>\n\t<div class=\"wpb_text_column wpb_content_element\" >\n\t\t<div class=\"wpb_wrapper\">\n\t\t\t<p>1) Ranura exterior para el asiento del anillo de fijaci\u00f3n<\/p>\n\n\t\t<\/div>\n\t<\/div>\n<div class=\"vc_separator wpb_content_element vc_separator_align_center vc_sep_width_100 vc_sep_pos_align_center vc_separator_no_text vc_sep_color_grey wpb_content_element  wpb_content_element\" ><span class=\"vc_sep_holder vc_sep_holder_l\"><span class=\"vc_sep_line\"><\/span><\/span><span class=\"vc_sep_holder vc_sep_holder_r\"><span class=\"vc_sep_line\"><\/span><\/span>\n<\/div>\n\t<div class=\"wpb_text_column wpb_content_element\" >\n\t\t<div class=\"wpb_wrapper\">\n\t\t\t<p>2) Rebaje<\/p>\n\n\t\t<\/div>\n\t<\/div>\n<div class=\"vc_separator wpb_content_element vc_separator_align_center vc_sep_width_100 vc_sep_pos_align_center vc_separator_no_text vc_sep_color_grey wpb_content_element  wpb_content_element\" ><span class=\"vc_sep_holder vc_sep_holder_l\"><span class=\"vc_sep_line\"><\/span><\/span><span class=\"vc_sep_holder vc_sep_holder_r\"><span class=\"vc_sep_line\"><\/span><\/span>\n<\/div>\n\t<div class=\"wpb_text_column wpb_content_element\" >\n\t\t<div class=\"wpb_wrapper\">\n\t\t\t<p>3) Extremidad c\u00f3nica<\/p>\n\n\t\t<\/div>\n\t<\/div>\n<div class=\"vc_separator wpb_content_element vc_separator_align_center vc_sep_width_100 vc_sep_pos_align_center vc_separator_no_text vc_sep_color_grey wpb_content_element  wpb_content_element\" ><span class=\"vc_sep_holder vc_sep_holder_l\"><span class=\"vc_sep_line\"><\/span><\/span><span class=\"vc_sep_holder vc_sep_holder_r\"><span class=\"vc_sep_line\"><\/span><\/span>\n<\/div>\n\t<div class=\"wpb_text_column wpb_content_element\" >\n\t\t<div class=\"wpb_wrapper\">\n\t\t\t<p>4) C\u00e1mara interna<\/p>\n\n\t\t<\/div>\n\t<\/div>\n<div class=\"vc_separator wpb_content_element vc_separator_align_center vc_sep_width_100 vc_sep_pos_align_center vc_separator_no_text vc_sep_color_grey wpb_content_element  wpb_content_element\" ><span class=\"vc_sep_holder vc_sep_holder_l\"><span class=\"vc_sep_line\"><\/span><\/span><span class=\"vc_sep_holder vc_sep_holder_r\"><span class=\"vc_sep_line\"><\/span><\/span>\n<\/div>\n\t<div class=\"wpb_text_column wpb_content_element\" >\n\t\t<div class=\"wpb_wrapper\">\n\t\t\t<p>5) Agujero para lubricaci\u00f3n<\/p>\n\n\t\t<\/div>\n\t<\/div>\n<div class=\"vc_separator wpb_content_element vc_separator_align_center vc_sep_width_100 vc_sep_pos_align_center vc_separator_no_text vc_sep_color_grey wpb_content_element  wpb_content_element\" ><span class=\"vc_sep_holder vc_sep_holder_l\"><span class=\"vc_sep_line\"><\/span><\/span><span class=\"vc_sep_holder vc_sep_holder_r\"><span class=\"vc_sep_line\"><\/span><\/span>\n<\/div>\n\t<div class=\"wpb_text_column wpb_content_element\" >\n\t\t<div class=\"wpb_wrapper\">\n\t\t\t<p>6) C\u00e1mara interna en el extremo de la Gu\u00eda<\/p>\n\n\t\t<\/div>\n\t<\/div>\n<div class=\"vc_separator wpb_content_element vc_separator_align_center vc_sep_width_100 vc_sep_pos_align_center vc_separator_no_text vc_sep_color_grey wpb_content_element  wpb_content_element\" ><span class=\"vc_sep_holder vc_sep_holder_l\"><span class=\"vc_sep_line\"><\/span><\/span><span class=\"vc_sep_holder vc_sep_holder_r\"><span class=\"vc_sep_line\"><\/span><\/span>\n<\/div>\n\t<div class=\"wpb_text_column wpb_content_element\" >\n\t\t<div class=\"wpb_wrapper\">\n\t\t\t<p>7) Filete de lubricaci\u00f3n<\/p>\n\n\t\t<\/div>\n\t<\/div>\n<div class=\"vc_separator wpb_content_element vc_separator_align_center vc_sep_width_100 vc_sep_pos_align_center vc_separator_no_text vc_sep_color_grey wpb_content_element  wpb_content_element\" ><span class=\"vc_sep_holder vc_sep_holder_l\"><span class=\"vc_sep_line\"><\/span><\/span><span class=\"vc_sep_holder vc_sep_holder_r\"><span class=\"vc_sep_line\"><\/span><\/span>\n<\/div>\n\t<div class=\"wpb_text_column wpb_content_element\" >\n\t\t<div class=\"wpb_wrapper\">\n\t\t\t<p>8) Filete de Lubricaci\u00f3n total<\/p>\n\n\t\t<\/div>\n\t<\/div>\n<div class=\"vc_empty_space\"   style=\"height: 39px\"><span class=\"vc_empty_space_inner\"><\/span><\/div><\/div><\/div><\/div><\/div><div class=\"vc_row wpb_row vc_row-fluid\"><div class=\"wpb_column vc_column_container vc_col-sm-12\"><div class=\"vc_column-inner\"><div class=\"wpb_wrapper\">\n\t<div  class=\"wpb_single_image wpb_content_element vc_align_left wpb_content_element wpb_animate_when_almost_visible wpb_bounceInUp bounceInUp\">\n\t\t\n\t\t<figure class=\"wpb_wrapper vc_figure\">\n\t\t\t<a class=\"\" data-lightbox=\"lightbox[rel-2132-4135615036]\" href=\"https:\/\/pongolini.com\/wp-content\/uploads\/2018\/02\/esquema.jpg\" target=\"_self\" class=\"vc_single_image-wrapper vc_box_border  vc_box_border_grey\"><img loading=\"lazy\" decoding=\"async\" width=\"996\" height=\"694\" src=\"https:\/\/pongolini.com\/wp-content\/uploads\/2018\/02\/esquema.jpg\" class=\"vc_single_image-img attachment-full\" alt=\"\" title=\"esquema\" srcset=\"https:\/\/pongolini.com\/wp-content\/uploads\/2018\/02\/esquema.jpg 996w, https:\/\/pongolini.com\/wp-content\/uploads\/2018\/02\/esquema-600x418.jpg 600w, https:\/\/pongolini.com\/wp-content\/uploads\/2018\/02\/esquema-300x209.jpg 300w, https:\/\/pongolini.com\/wp-content\/uploads\/2018\/02\/esquema-768x535.jpg 768w, https:\/\/pongolini.com\/wp-content\/uploads\/2018\/02\/esquema-624x435.jpg 624w\" sizes=\"auto, (max-width: 996px) 100vw, 996px\" \/><\/a>\n\t\t<\/figure>\n\t<\/div>\n<div class=\"vc_empty_space\"   style=\"height: 39px\"><span class=\"vc_empty_space_inner\"><\/span><\/div><\/div><\/div><\/div><\/div><div class=\"vc_row wpb_row vc_row-fluid\"><div class=\"wpb_column vc_column_container vc_col-sm-12\"><div class=\"vc_column-inner\"><div class=\"wpb_wrapper\">\n\t<div class=\"wpb_text_column wpb_content_element\" >\n\t\t<div class=\"wpb_wrapper\">\n\t\t\t<p>\n<script><\/script><\/p>\n\n\t\t<\/div>\n\t<\/div>\n<\/div><\/div><\/div><\/div>\n<\/div>","protected":false},"excerpt":{"rendered":"GU\u00cdAS DE V\u00c1LVULAS: BRONCE\/LAT\u00d3N AL MANGANESO El LAT\u00d3N al MANGANESO y el BRONCE al MANGANESO se utiliza para gu\u00edas de v\u00e1lvulas de reposici\u00f3n o motores de competici\u00f3n por su condici\u00f3n especial de conductividad del calor y resistencia al desgaste por fricci\u00f3n. Se proveen en super-medidas 0.03-0.05-0.10-0.15-0.20-0.25-0.50 y 1.00 mil\u00edmetros con stock permanente y entrega inmediata. [...]","protected":false},"author":1,"featured_media":0,"parent":0,"menu_order":0,"comment_status":"closed","ping_status":"closed","template":"","meta":{"_exactmetrics_skip_tracking":false,"_exactmetrics_sitenote_active":false,"_exactmetrics_sitenote_note":"","_exactmetrics_sitenote_category":0,"footnotes":""},"class_list":["post-2132","page","type-page","status-publish","hentry"],"_links":{"self":[{"href":"https:\/\/pongolini.com\/en\/wp-json\/wp\/v2\/pages\/2132","targetHints":{"allow":["GET"]}}],"collection":[{"href":"https:\/\/pongolini.com\/en\/wp-json\/wp\/v2\/pages"}],"about":[{"href":"https:\/\/pongolini.com\/en\/wp-json\/wp\/v2\/types\/page"}],"author":[{"embeddable":true,"href":"https:\/\/pongolini.com\/en\/wp-json\/wp\/v2\/users\/1"}],"replies":[{"embeddable":true,"href":"https:\/\/pongolini.com\/en\/wp-json\/wp\/v2\/comments?post=2132"}],"version-history":[{"count":9,"href":"https:\/\/pongolini.com\/en\/wp-json\/wp\/v2\/pages\/2132\/revisions"}],"predecessor-version":[{"id":3396,"href":"https:\/\/pongolini.com\/en\/wp-json\/wp\/v2\/pages\/2132\/revisions\/3396"}],"wp:attachment":[{"href":"https:\/\/pongolini.com\/en\/wp-json\/wp\/v2\/media?parent=2132"}],"curies":[{"name":"wp","href":"https:\/\/api.w.org\/{rel}","templated":true}]}}