
{"id":2944,"date":"2019-10-02T18:09:07","date_gmt":"2019-10-02T21:09:07","guid":{"rendered":"https:\/\/pongolini.com\/?page_id=2944"},"modified":"2023-12-15T16:43:43","modified_gmt":"2023-12-15T19:43:43","slug":"empresa","status":"publish","type":"page","link":"https:\/\/pongolini.com\/de\/empresa\/","title":{"rendered":"Unternehmen"},"content":{"rendered":"<div class=\"wpb-content-wrapper\"><div class=\"vc_row wpb_row vc_row-fluid\"><div class=\"wpb_column vc_column_container vc_col-sm-6\"><div class=\"vc_column-inner\"><div class=\"wpb_wrapper\"><div id=\"cms-heading\" class=\"cms-heading-wrapper cms-heading-layout1\">\r\n    <div class=\"cms-heading-inner\">\r\n        <div class=\"cms-heading-content\">\r\n            <h3 class=\"title  ft-df\" style=\"font-size:25px;color:#222222;margin:;line-height:;\">\r\n                DESDE 1955, A\u00d1O DE SU FUNDACI\u00d3N...            <\/h3>\r\n            <div class=\"h-line\"><\/div>\r\n        <\/div>\r\n    <\/div>\r\n<\/div><div class=\"vc_empty_space\"   style=\"height: 39px\"><span class=\"vc_empty_space_inner\"><\/span><\/div><div class=\"vc_row wpb_row vc_inner vc_row-fluid\"><div class=\"wpb_column vc_column_container vc_col-sm-12\"><div class=\"vc_column-inner\"><div class=\"wpb_wrapper\"><div class=\"wpb_images_carousel wpb_content_element vc_clearfix wpb_content_element\"><div class=\"wpb_wrapper\"><div id=\"vc_images-carousel-1-1776439965\" data-ride=\"vc_carousel\" data-wrap=\"false\" style=\"width: 100%;\" data-interval=\"0\" data-auto-height=\"yes\" data-mode=\"horizontal\" data-partial=\"false\" data-per-view=\"1\" data-hide-on-end=\"true\" class=\"vc_slide vc_images_carousel\"><ol class=\"vc_carousel-indicators\"><li data-target=\"#vc_images-carousel-1-1776439965\" data-slide-to=\"0\"><\/li><li data-target=\"#vc_images-carousel-1-1776439965\" data-slide-to=\"1\"><\/li><\/ol><div class=\"vc_carousel-inner\"><div class=\"vc_carousel-slideline\"><div class=\"vc_carousel-slideline-inner\"><div class=\"vc_item\"><div class=\"vc_inner\"><a class=\"\" href=\"https:\/\/pongolini.com\/wp-content\/uploads\/2023\/12\/WhatsApp_Image_2023-11-24_at_12.31.48_PM-1024x684.jpeg\" data-lightbox=\"lightbox[rel-2944-3923956630]\"><img loading=\"lazy\" decoding=\"async\" width=\"1600\" height=\"1068\" src=\"https:\/\/pongolini.com\/wp-content\/uploads\/2023\/12\/WhatsApp_Image_2023-11-24_at_12.31.48_PM.jpeg\" class=\"attachment-full\" alt=\"\" title=\"WhatsApp_Image_2023-11-24_at_12.31.48_PM\" srcset=\"https:\/\/pongolini.com\/wp-content\/uploads\/2023\/12\/WhatsApp_Image_2023-11-24_at_12.31.48_PM.jpeg 1600w, https:\/\/pongolini.com\/wp-content\/uploads\/2023\/12\/WhatsApp_Image_2023-11-24_at_12.31.48_PM-300x200.jpeg 300w, https:\/\/pongolini.com\/wp-content\/uploads\/2023\/12\/WhatsApp_Image_2023-11-24_at_12.31.48_PM-1024x684.jpeg 1024w, https:\/\/pongolini.com\/wp-content\/uploads\/2023\/12\/WhatsApp_Image_2023-11-24_at_12.31.48_PM-768x513.jpeg 768w, https:\/\/pongolini.com\/wp-content\/uploads\/2023\/12\/WhatsApp_Image_2023-11-24_at_12.31.48_PM-1536x1025.jpeg 1536w, https:\/\/pongolini.com\/wp-content\/uploads\/2023\/12\/WhatsApp_Image_2023-11-24_at_12.31.48_PM-624x417.jpeg 624w\" sizes=\"auto, (max-width: 1600px) 100vw, 1600px\" \/><\/a><\/div><\/div><div class=\"vc_item\"><div class=\"vc_inner\"><a class=\"\" href=\"https:\/\/pongolini.com\/wp-content\/uploads\/2023\/12\/WhatsApp_Image_2023-11-24_at_12.32.19_PM-1024x684.jpeg\" data-lightbox=\"lightbox[rel-2944-3923956630]\"><img loading=\"lazy\" decoding=\"async\" width=\"1600\" height=\"1068\" src=\"https:\/\/pongolini.com\/wp-content\/uploads\/2023\/12\/WhatsApp_Image_2023-11-24_at_12.32.19_PM.jpeg\" class=\"attachment-full\" alt=\"\" title=\"WhatsApp_Image_2023-11-24_at_12.32.19_PM\" srcset=\"https:\/\/pongolini.com\/wp-content\/uploads\/2023\/12\/WhatsApp_Image_2023-11-24_at_12.32.19_PM.jpeg 1600w, https:\/\/pongolini.com\/wp-content\/uploads\/2023\/12\/WhatsApp_Image_2023-11-24_at_12.32.19_PM-300x200.jpeg 300w, https:\/\/pongolini.com\/wp-content\/uploads\/2023\/12\/WhatsApp_Image_2023-11-24_at_12.32.19_PM-1024x684.jpeg 1024w, https:\/\/pongolini.com\/wp-content\/uploads\/2023\/12\/WhatsApp_Image_2023-11-24_at_12.32.19_PM-768x513.jpeg 768w, https:\/\/pongolini.com\/wp-content\/uploads\/2023\/12\/WhatsApp_Image_2023-11-24_at_12.32.19_PM-1536x1025.jpeg 1536w, https:\/\/pongolini.com\/wp-content\/uploads\/2023\/12\/WhatsApp_Image_2023-11-24_at_12.32.19_PM-624x417.jpeg 624w\" sizes=\"auto, (max-width: 1600px) 100vw, 1600px\" \/><\/a><\/div><\/div><\/div><\/div><\/div><a class=\"vc_left vc_carousel-control\" href=\"#vc_images-carousel-1-1776439965\" data-slide=\"prev\"><span class=\"icon-prev\"><\/span><\/a><a class=\"vc_right vc_carousel-control\" href=\"#vc_images-carousel-1-1776439965\" data-slide=\"next\"><span class=\"icon-next\"><\/span><\/a><\/div><\/div><\/div><\/div><\/div><\/div><\/div><div class=\"vc_empty_space\"   style=\"height: 25px\"><span class=\"vc_empty_space_inner\"><\/span><\/div><\/div><\/div><\/div><div class=\"wpb_column vc_column_container vc_col-sm-6\"><div class=\"vc_column-inner\"><div class=\"wpb_wrapper\"><div class=\"vc_empty_space\"   style=\"height: 130px\"><span class=\"vc_empty_space_inner\"><\/span><\/div><div class=\"vc_row wpb_row vc_inner vc_row-fluid\"><div class=\"wpb_column vc_column_container vc_col-sm-12\"><div class=\"vc_column-inner\"><div class=\"wpb_wrapper\">\n\t<div class=\"wpb_text_column wpb_content_element\" >\n\t\t<div class=\"wpb_wrapper\">\n\t\t\t<p><strong>ABERALDO PONGOLINI S.R.L.<\/strong> fabrica gu\u00edas y asientos de v\u00e1lvulas 300 INDY mejorando constantemente la calidad de sus productos teniendo en cuenta e incorporando progresivamente m\u00e1quinas y tecnolog\u00eda de \u00faltima generaci\u00f3n aplicada a la fabricaci\u00f3n de sus productos, como as\u00ed tambi\u00e9n la capacitaci\u00f3n de su personal para lograr una gesti\u00f3n de autocontrol de calidad.<\/p>\n<p>Su moderna planta de 2500 m2 situada en la ciudad de Rafaela (Santa Fe &#8211; Argentina), lugar estrat\u00e9gico en la fabricaci\u00f3n de autopartes, cuenta con un plantel de treinta empleados y una producci\u00f3n anual de 2.800.000 piezas entre gu\u00edas de v\u00e1lvulas y asientos de v\u00e1lvulas.<\/p>\n\n\t\t<\/div>\n\t<\/div>\n<\/div><\/div><\/div><\/div><\/div><\/div><\/div><\/div><div class=\"vc_row wpb_row vc_row-fluid\"><div class=\"wpb_column vc_column_container vc_col-sm-10\"><div class=\"vc_column-inner\"><div class=\"wpb_wrapper\"><div class=\"vc_empty_space\"   style=\"height: 39px\"><span class=\"vc_empty_space_inner\"><\/span><\/div><div id=\"cms-heading-2\" class=\"cms-heading-wrapper cms-heading-layout1\">\r\n    <div class=\"cms-heading-inner\">\r\n        <div class=\"cms-heading-content\">\r\n            <h3 class=\"title  ft-df\" style=\"font-size:25px;color:#222222;margin:;line-height:;\">\r\n                PREMIOS            <\/h3>\r\n            <div class=\"h-line\"><\/div>\r\n        <\/div>\r\n    <\/div>\r\n<\/div><div class=\"vc_empty_space\"   style=\"height: 39px\"><span class=\"vc_empty_space_inner\"><\/span><\/div>\n\t<div class=\"wpb_text_column wpb_content_element\" >\n\t\t<div class=\"wpb_wrapper\">\n\t\t\t<p>En los \u00faltimos a\u00f1os, hemos recibido condecoraciones por nuestra experiencia y apertura a mercados internacionales.<\/p>\n\n\t\t<\/div>\n\t<\/div>\n<div class=\"vc_empty_space\"   style=\"height: 25px\"><span class=\"vc_empty_space_inner\"><\/span><\/div>\r\n<div class=\"cms-fancyboxes-wraper cms-fancyboxes-layout5 template-cms_fancybox_single--layout5 content-align-default \" id=\"cms-fancy-box-single\">\r\r\n    <div class=\"cms-fancybox-item\">\r\r\n        \r\n        \r\r\n        \r\n            <div class=\"cms-fancybox-icon\">\r\r\n                \r\n                        <i class=\"fa fa-check\" style=\"color:;\"><\/i>\r\r\n                    \r\n                \r\n                \r\n                    <h3 class=\"cms-fancybox-title \" style=\"font-size:;line-height:;color:;margin:;\">\r\r\n                        <span>Premio Magnus<\/span>\r\r\n                    <\/h3>\r\r\n                \r\n            <\/div>\r\r\n        \r\n        \r\r\n        <div class=\"cms-fancybox-content\">\r\r\n            \r\n                <div class=\"cms-fancybox-description\" style=\"color:;\">\r\r\n                    <p>Premio a la PYME exportadora Argentina.<\/p>\n\r\n                <\/div>\r\r\n            \r\n\r\r\n            \r\n        <\/div>\r\r\n    <\/div>\r\r\n<\/div><div class=\"vc_separator wpb_content_element vc_separator_align_center vc_sep_width_100 vc_sep_pos_align_center vc_separator_no_text vc_sep_color_grey wpb_content_element  wpb_content_element\" ><span class=\"vc_sep_holder vc_sep_holder_l\"><span class=\"vc_sep_line\"><\/span><\/span><span class=\"vc_sep_holder vc_sep_holder_r\"><span class=\"vc_sep_line\"><\/span><\/span>\n<\/div><div class=\"vc_empty_space\"   style=\"height: 10px\"><span class=\"vc_empty_space_inner\"><\/span><\/div>\r\n<div class=\"cms-fancyboxes-wraper cms-fancyboxes-layout5 template-cms_fancybox_single--layout5 content-align-default \" id=\"cms-fancy-box-single-2\">\r\r\n    <div class=\"cms-fancybox-item\">\r\r\n        \r\n        \r\r\n        \r\n            <div class=\"cms-fancybox-icon\">\r\r\n                \r\n                        <i class=\"fa fa-check\" style=\"color:;\"><\/i>\r\r\n                    \r\n                \r\n                \r\n                    <h3 class=\"cms-fancybox-title \" style=\"font-size:;line-height:;color:;margin:;\">\r\r\n                        <span>Premio ExportAR 2010<\/span>\r\r\n                    <\/h3>\r\r\n                \r\n            <\/div>\r\r\n        \r\n        \r\r\n        <div class=\"cms-fancybox-content\">\r\r\n            \r\n                <div class=\"cms-fancybox-description\" style=\"color:;\">\r\r\n                    <p>Distinci\u00f3n a la consolidaci\u00f3n de mercados internacionales.<\/p>\n\r\n                <\/div>\r\r\n            \r\n\r\r\n            \r\n        <\/div>\r\r\n    <\/div>\r\r\n<\/div><div class=\"vc_separator wpb_content_element vc_separator_align_center vc_sep_width_100 vc_sep_pos_align_center vc_separator_no_text vc_sep_color_grey wpb_content_element  wpb_content_element\" ><span class=\"vc_sep_holder vc_sep_holder_l\"><span class=\"vc_sep_line\"><\/span><\/span><span class=\"vc_sep_holder vc_sep_holder_r\"><span class=\"vc_sep_line\"><\/span><\/span>\n<\/div><div class=\"vc_empty_space\"   style=\"height: 10px\"><span class=\"vc_empty_space_inner\"><\/span><\/div>\r\n<div class=\"cms-fancyboxes-wraper cms-fancyboxes-layout5 template-cms_fancybox_single--layout5 content-align-default \" id=\"cms-fancy-box-single-3\">\r\r\n    <div class=\"cms-fancybox-item\">\r\r\n        \r\n        \r\r\n        \r\n            <div class=\"cms-fancybox-icon\">\r\r\n                \r\n                        <i class=\"fa fa-check\" style=\"color:;\"><\/i>\r\r\n                    \r\n                \r\n                \r\n                    <h3 class=\"cms-fancybox-title \" style=\"font-size:;line-height:;color:;margin:;\">\r\r\n                        <span>Premio Santa Fexporta 2007<\/span>\r\r\n                    <\/h3>\r\r\n                \r\n            <\/div>\r\r\n        \r\n        \r\r\n        <div class=\"cms-fancybox-content\">\r\r\n            \r\n                <div class=\"cms-fancybox-description\" style=\"color:;\">\r\r\n                    <p>En un periodo muy corto, de s\u00f3lo unos a\u00f1os, triplicamos nuestras exportaciones, incorporando 10 nuevos mercados (Argelia, Brasil, Costa Rica, Dubai, Eslovenia, Espa\u00f1a, Iran, Italia, Mexico y Paraguay).<\/p>\n\r\n                <\/div>\r\r\n            \r\n\r\r\n            \r\n        <\/div>\r\r\n    <\/div>\r\r\n<\/div><div class=\"vc_empty_space\"   style=\"height: 17px\"><span class=\"vc_empty_space_inner\"><\/span><\/div><\/div><\/div><\/div><div class=\"wpb_column vc_column_container vc_col-sm-2\"><div class=\"vc_column-inner\"><div class=\"wpb_wrapper\"><div class=\"vc_empty_space\"   style=\"height: 160px\"><span class=\"vc_empty_space_inner\"><\/span><\/div>\n\t<div  class=\"wpb_single_image wpb_content_element vc_align_left wpb_content_element wpb_animate_when_almost_visible wpb_bounceInRight bounceInRight\">\n\t\t\n\t\t<figure class=\"wpb_wrapper vc_figure\">\n\t\t\t<a class=\"\" data-lightbox=\"lightbox[rel-2944-3696446873]\" href=\"https:\/\/pongolini.com\/wp-content\/uploads\/2018\/02\/Premio_MAGNUS_2006-684x1024.jpg\" target=\"_self\" class=\"vc_single_image-wrapper vc_box_outline  vc_box_border_grey\"><img decoding=\"async\" class=\"vc_single_image-img \" src=\"https:\/\/pongolini.com\/wp-content\/uploads\/2018\/02\/Premio_MAGNUS_2006-70x70.jpg\" width=\"70\" height=\"70\" alt=\"Premio_MAGNUS_2006\" title=\"Premio_MAGNUS_2006\" loading=\"lazy\" \/><\/a>\n\t\t<\/figure>\n\t<\/div>\n<div class=\"vc_empty_space\"   style=\"height: 5px\"><span class=\"vc_empty_space_inner\"><\/span><\/div>\n\t<div  class=\"wpb_single_image wpb_content_element vc_align_left wpb_content_element wpb_animate_when_almost_visible wpb_bounceInRight bounceInRight\">\n\t\t\n\t\t<figure class=\"wpb_wrapper vc_figure\">\n\t\t\t<a class=\"\" data-lightbox=\"lightbox[rel-2944-2242844632]\" href=\"https:\/\/pongolini.com\/wp-content\/uploads\/2018\/02\/Premio_EsportAR_2010-684x1024.jpg\" target=\"_self\" class=\"vc_single_image-wrapper vc_box_outline  vc_box_border_grey\"><img decoding=\"async\" class=\"vc_single_image-img \" src=\"https:\/\/pongolini.com\/wp-content\/uploads\/2018\/02\/Premio_EsportAR_2010-70x70.jpg\" width=\"70\" height=\"70\" alt=\"Premio_EsportAR_2010\" title=\"Premio_EsportAR_2010\" loading=\"lazy\" \/><\/a>\n\t\t<\/figure>\n\t<\/div>\n<div class=\"vc_empty_space\"   style=\"height: 5px\"><span class=\"vc_empty_space_inner\"><\/span><\/div>\n\t<div  class=\"wpb_single_image wpb_content_element vc_align_left wpb_content_element wpb_animate_when_almost_visible wpb_bounceInRight bounceInRight\">\n\t\t\n\t\t<figure class=\"wpb_wrapper vc_figure\">\n\t\t\t<a class=\"\" data-lightbox=\"lightbox[rel-2944-551840745]\" href=\"https:\/\/pongolini.com\/wp-content\/uploads\/2018\/02\/Santa_Fexporta_2007-684x1024.jpg\" target=\"_self\" class=\"vc_single_image-wrapper vc_box_outline  vc_box_border_grey\"><img decoding=\"async\" class=\"vc_single_image-img \" src=\"https:\/\/pongolini.com\/wp-content\/uploads\/2018\/02\/Santa_Fexporta_2007-70x70.jpg\" width=\"70\" height=\"70\" alt=\"Santa_Fexporta_2007\" title=\"Santa_Fexporta_2007\" loading=\"lazy\" \/><\/a>\n\t\t<\/figure>\n\t<\/div>\n<\/div><\/div><\/div><\/div><div class=\"vc_row wpb_row vc_row-fluid\"><div class=\"wpb_column vc_column_container vc_col-sm-12\"><div class=\"vc_column-inner\"><div class=\"wpb_wrapper\">\n\t<div class=\"wpb_text_column wpb_content_element\" >\n\t\t<div class=\"wpb_wrapper\">\n\t\t\t<hr \/>\n<h6><strong><span style=\"vertical-align: inherit;\">DE RAFAELA AL MUNDO<\/span><\/strong><\/h6>\n<p>Exportamos a m\u00e1s de 30 pa\u00edses. Nuestros productos est\u00e1n presentes en los motores m\u00e1s exigentes del mercado internacional.<\/p>\n\r\n    \t<div id=\"map-container\">\r\r\n        <div id=\"mapdiv\" data-lat=\"\" data-long=\"\" data-zoom=\"\" style=\"width: 100%; background-color:#EEEEEE; height: 500px;\"><\/div>\r\r\n        <div id=\"desc_overlay\" class=\"animated\">\r\r\n\t        <h2 class=\"pop_desc_title\"><\/h2><span id=\"ico_close\"><img decoding=\"async\" src=\"https:\/\/pongolini.com\/wp-content\/plugins\/ideal-interactive-map\/img\/close.png\" align=\"middle\" \/><\/span>\r\r\n\t        <div id=\"overlay-content\"><\/p>\r\r\n\t        <\/div>\r\r\n        <\/div>\r\r\n    \t<\/div>\r\r\n    \t<div id=\"mapreadmore\">\r\r\n    \t<\/div> \r\n\n\t\t<\/div>\n\t<\/div>\n<\/div><\/div><\/div><\/div><div class=\"vc_row wpb_row vc_row-fluid\"><div class=\"wpb_column vc_column_container vc_col-sm-12\"><div class=\"vc_column-inner\"><div class=\"wpb_wrapper\">\n\t<div class=\"wpb_text_column wpb_content_element\" >\n\t\t<div class=\"wpb_wrapper\">\n\t\t\t<p>\n<script><\/script><\/p>\n\n\t\t<\/div>\n\t<\/div>\n<\/div><\/div><\/div><\/div>\n<\/div>","protected":false},"excerpt":{"rendered":"DESDE 1955, A\u00d1O DE SU FUNDACI\u00d3N... ABERALDO PONGOLINI S.R.L. fabrica gu\u00edas y asientos de v\u00e1lvulas 300 INDY mejorando constantemente la calidad de sus productos teniendo en cuenta e incorporando progresivamente m\u00e1quinas y tecnolog\u00eda de \u00faltima generaci\u00f3n aplicada a la fabricaci\u00f3n de sus productos, como as\u00ed tambi\u00e9n la capacitaci\u00f3n de su personal para lograr una gesti\u00f3n [...]","protected":false},"author":1,"featured_media":0,"parent":0,"menu_order":0,"comment_status":"closed","ping_status":"closed","template":"","meta":{"_exactmetrics_skip_tracking":false,"_exactmetrics_sitenote_active":false,"_exactmetrics_sitenote_note":"","_exactmetrics_sitenote_category":0,"footnotes":""},"class_list":["post-2944","page","type-page","status-publish","hentry"],"_links":{"self":[{"href":"https:\/\/pongolini.com\/de\/wp-json\/wp\/v2\/pages\/2944","targetHints":{"allow":["GET"]}}],"collection":[{"href":"https:\/\/pongolini.com\/de\/wp-json\/wp\/v2\/pages"}],"about":[{"href":"https:\/\/pongolini.com\/de\/wp-json\/wp\/v2\/types\/page"}],"author":[{"embeddable":true,"href":"https:\/\/pongolini.com\/de\/wp-json\/wp\/v2\/users\/1"}],"replies":[{"embeddable":true,"href":"https:\/\/pongolini.com\/de\/wp-json\/wp\/v2\/comments?post=2944"}],"version-history":[{"count":9,"href":"https:\/\/pongolini.com\/de\/wp-json\/wp\/v2\/pages\/2944\/revisions"}],"predecessor-version":[{"id":3373,"href":"https:\/\/pongolini.com\/de\/wp-json\/wp\/v2\/pages\/2944\/revisions\/3373"}],"wp:attachment":[{"href":"https:\/\/pongolini.com\/de\/wp-json\/wp\/v2\/media?parent=2944"}],"curies":[{"name":"wp","href":"https:\/\/api.w.org\/{rel}","templated":true}]}}