
{"id":2470,"date":"2018-03-05T10:48:16","date_gmt":"2018-03-05T13:48:16","guid":{"rendered":"http:\/\/pongolini.com\/web\/es\/?page_id=2470"},"modified":"2025-10-15T08:50:12","modified_gmt":"2025-10-15T11:50:12","slug":"motociclismo","status":"publish","type":"page","link":"https:\/\/pongolini.com\/de\/motociclismo\/","title":{"rendered":"Motorrad fahren"},"content":{"rendered":"<div class=\"wpb-content-wrapper\"><div class=\"vc_row wpb_row vc_row-fluid\"><div class=\"wpb_column vc_column_container vc_col-sm-12\"><div class=\"vc_column-inner\"><div class=\"wpb_wrapper\"><div class=\"vc_empty_space\"   style=\"height: 32px\"><span class=\"vc_empty_space_inner\"><\/span><\/div>\n\t<div class=\"wpb_text_column wpb_content_element\" >\n\t\t<div class=\"wpb_wrapper\">\n\t\t\t<p>Wir fertigen Ventilf\u00fchrungen f\u00fcr alle Arten von Motorradmotormodellen, f\u00fcr nationale, asiatische und europ\u00e4ische Marken.<\/p>\n<p>F\u00fcr Wettbewerbsmotoren, die bei hohen Drehzahlen und Temperaturen arbeiten m\u00fcssen, verwenden wir Materialien wie Grauguss vom Typ SAE G 3500 und Hochleistungsbronze.<\/p>\n\n\t\t<\/div>\n\t<\/div>\n<div class=\"vc_empty_space\"   style=\"height: 32px\"><span class=\"vc_empty_space_inner\"><\/span><\/div><\/div><\/div><\/div><\/div><div class=\"vc_row wpb_row vc_row-fluid\"><div class=\"wpb_column vc_column_container vc_col-sm-4\"><div class=\"vc_column-inner\"><div class=\"wpb_wrapper\">\n\t<div  class=\"wpb_single_image wpb_content_element vc_align_left wpb_content_element wpb_animate_when_almost_visible wpb_bounceInRight bounceInRight\">\n\t\t\n\t\t<figure class=\"wpb_wrapper vc_figure\">\n\t\t\t<div class=\"vc_single_image-wrapper vc_box_outline_circle  vc_box_border_grey\"><img decoding=\"async\" class=\"vc_single_image-img\" src=\"https:\/\/pongolini.com\/wp-content\/uploads\/2018\/03\/orig_448160-352x352.jpg\" width=\"352\" height=\"352\" alt=\"orig_448160\" title=\"orig_448160\" loading=\"lazy\" \/><\/div>\n\t\t<\/figure>\n\t<\/div>\n<\/div><\/div><\/div><div class=\"wpb_column vc_column_container vc_col-sm-4\"><div class=\"vc_column-inner\"><div class=\"wpb_wrapper\">\n\t<div  class=\"wpb_single_image wpb_content_element vc_align_left wpb_content_element wpb_animate_when_almost_visible wpb_bounceInUp bounceInUp\">\n\t\t\n\t\t<figure class=\"wpb_wrapper vc_figure\">\n\t\t\t<div class=\"vc_single_image-wrapper vc_box_outline_circle  vc_box_border_grey\"><img decoding=\"async\" class=\"vc_single_image-img\" src=\"https:\/\/pongolini.com\/wp-content\/uploads\/2025\/10\/MOTOCICLISMO-BURBUJA-2-417x417.jpg\" width=\"417\" height=\"417\" alt=\"MOTOCICLISMO BURBUJA 2\" title=\"MOTOCICLISMO BURBUJA 2\" loading=\"lazy\" \/><\/div>\n\t\t<\/figure>\n\t<\/div>\n<\/div><\/div><\/div><div class=\"wpb_column vc_column_container vc_col-sm-4\"><div class=\"vc_column-inner\"><div class=\"wpb_wrapper\">\n\t<div  class=\"wpb_single_image wpb_content_element vc_align_left wpb_content_element wpb_animate_when_almost_visible wpb_bounceInRight bounceInRight\">\n\t\t\n\t\t<figure class=\"wpb_wrapper vc_figure\">\n\t\t\t<div class=\"vc_single_image-wrapper vc_box_outline_circle  vc_box_border_grey\"><img loading=\"lazy\" decoding=\"async\" width=\"352\" height=\"352\" src=\"https:\/\/pongolini.com\/wp-content\/uploads\/2025\/10\/MOTOCICLISMO-BURBUJA.jpg\" class=\"vc_single_image-img attachment-large\" alt=\"\" title=\"MOTOCICLISMO BURBUJA\" srcset=\"https:\/\/pongolini.com\/wp-content\/uploads\/2025\/10\/MOTOCICLISMO-BURBUJA.jpg 352w, https:\/\/pongolini.com\/wp-content\/uploads\/2025\/10\/MOTOCICLISMO-BURBUJA-300x300.jpg 300w, https:\/\/pongolini.com\/wp-content\/uploads\/2025\/10\/MOTOCICLISMO-BURBUJA-150x150.jpg 150w, https:\/\/pongolini.com\/wp-content\/uploads\/2025\/10\/MOTOCICLISMO-BURBUJA-12x12.jpg 12w\" sizes=\"auto, (max-width: 352px) 100vw, 352px\" \/><\/div>\n\t\t<\/figure>\n\t<\/div>\n<\/div><\/div><\/div><\/div><div class=\"vc_row wpb_row vc_row-fluid\"><div class=\"wpb_column vc_column_container vc_col-sm-12\"><div class=\"vc_column-inner\"><div class=\"wpb_wrapper\"><div class=\"vc_empty_space\"   style=\"height: 32px\"><span class=\"vc_empty_space_inner\"><\/span><\/div>\n\t<div  class=\"wpb_single_image wpb_content_element vc_align_left wpb_content_element wpb_animate_when_almost_visible wpb_bounceInUp bounceInUp\">\n\t\t\n\t\t<figure class=\"wpb_wrapper vc_figure\">\n\t\t\t<div class=\"vc_single_image-wrapper vc_box_outline  vc_box_border_grey\"><img loading=\"lazy\" decoding=\"async\" width=\"1200\" height=\"800\" src=\"https:\/\/pongolini.com\/wp-content\/uploads\/2019\/09\/BRODIX_BIG__SMALL_BLOCK_3.jpg\" class=\"vc_single_image-img attachment-full\" alt=\"\" title=\"BRODIX_BIG_&amp;_SMALL_BLOCK_3\" srcset=\"https:\/\/pongolini.com\/wp-content\/uploads\/2019\/09\/BRODIX_BIG__SMALL_BLOCK_3.jpg 1200w, https:\/\/pongolini.com\/wp-content\/uploads\/2019\/09\/BRODIX_BIG__SMALL_BLOCK_3-300x200.jpg 300w, https:\/\/pongolini.com\/wp-content\/uploads\/2019\/09\/BRODIX_BIG__SMALL_BLOCK_3-768x512.jpg 768w, https:\/\/pongolini.com\/wp-content\/uploads\/2019\/09\/BRODIX_BIG__SMALL_BLOCK_3-1024x683.jpg 1024w, https:\/\/pongolini.com\/wp-content\/uploads\/2019\/09\/BRODIX_BIG__SMALL_BLOCK_3-624x416.jpg 624w, https:\/\/pongolini.com\/wp-content\/uploads\/2019\/09\/BRODIX_BIG__SMALL_BLOCK_3-600x400.jpg 600w\" sizes=\"auto, (max-width: 1200px) 100vw, 1200px\" \/><\/div>\n\t\t<\/figure>\n\t<\/div>\n<\/div><\/div><\/div><\/div><div class=\"vc_row wpb_row vc_row-fluid\"><div class=\"wpb_column vc_column_container vc_col-sm-12\"><div class=\"vc_column-inner\"><div class=\"wpb_wrapper\"><\/div><\/div><\/div><\/div><div class=\"vc_row wpb_row vc_row-fluid\"><div class=\"wpb_column vc_column_container vc_col-sm-12\"><div class=\"vc_column-inner\"><div class=\"wpb_wrapper\">\n\t<div class=\"wpb_text_column wpb_content_element\" >\n\t\t<div class=\"wpb_wrapper\">\n\t\t\t<p>\n<script><\/script><\/p>\n\n\t\t<\/div>\n\t<\/div>\n<\/div><\/div><\/div><\/div>\n<\/div>","protected":false},"excerpt":{"rendered":"Fabricamos gu\u00edas de v\u00e1lvulas para todo tipo de modelos de motores de motos, para marcas nacionales, asi\u00e1ticas y europeas. Utilizamos materiales como fundici\u00f3n gris tipo SAE G 3500 y bronce de alto rendimiento para motores de competici\u00f3n que necesitan rendir en altas revoluciones y temperaturas.","protected":false},"author":1,"featured_media":0,"parent":0,"menu_order":0,"comment_status":"closed","ping_status":"closed","template":"","meta":{"_exactmetrics_skip_tracking":false,"_exactmetrics_sitenote_active":false,"_exactmetrics_sitenote_note":"","_exactmetrics_sitenote_category":0,"footnotes":""},"class_list":["post-2470","page","type-page","status-publish","hentry"],"_links":{"self":[{"href":"https:\/\/pongolini.com\/de\/wp-json\/wp\/v2\/pages\/2470","targetHints":{"allow":["GET"]}}],"collection":[{"href":"https:\/\/pongolini.com\/de\/wp-json\/wp\/v2\/pages"}],"about":[{"href":"https:\/\/pongolini.com\/de\/wp-json\/wp\/v2\/types\/page"}],"author":[{"embeddable":true,"href":"https:\/\/pongolini.com\/de\/wp-json\/wp\/v2\/users\/1"}],"replies":[{"embeddable":true,"href":"https:\/\/pongolini.com\/de\/wp-json\/wp\/v2\/comments?post=2470"}],"version-history":[{"count":26,"href":"https:\/\/pongolini.com\/de\/wp-json\/wp\/v2\/pages\/2470\/revisions"}],"predecessor-version":[{"id":3686,"href":"https:\/\/pongolini.com\/de\/wp-json\/wp\/v2\/pages\/2470\/revisions\/3686"}],"wp:attachment":[{"href":"https:\/\/pongolini.com\/de\/wp-json\/wp\/v2\/media?parent=2470"}],"curies":[{"name":"wp","href":"https:\/\/api.w.org\/{rel}","templated":true}]}}